{"id":7465,"date":"2023-07-31T14:24:57","date_gmt":"2023-07-31T11:24:57","guid":{"rendered":"https:\/\/idealozelguvenlik.com.tr\/?page_id=7465"},"modified":"2025-07-05T09:51:01","modified_gmt":"2025-07-05T06:51:01","slug":"online-kayit","status":"publish","type":"page","link":"https:\/\/idealozelguvenlik.com.tr\/en\/online-registration\/","title":{"rendered":"Online Registration"},"content":{"rendered":"<div data-elementor-type=\"wp-page\" data-elementor-id=\"7465\" class=\"elementor elementor-7465\">\n\t\t\t\t\t\t<section class=\"elementor-section elementor-top-section elementor-element elementor-element-024da72 elementor-section-content-middle elementor-section-stretched elementor-section-boxed elementor-section-height-default elementor-section-height-default\" data-id=\"024da72\" data-element_type=\"section\" data-settings=\"{&quot;background_background&quot;:&quot;classic&quot;,&quot;stretch_section&quot;:&quot;section-stretched&quot;}\">\n\t\t\t\t\t\t<div class=\"elementor-container elementor-column-gap-default\">\n\t\t\t\t\t<div class=\"elementor-column elementor-col-100 elementor-top-column elementor-element elementor-element-b405f26\" data-id=\"b405f26\" data-element_type=\"column\">\n\t\t\t<div class=\"elementor-widget-wrap elementor-element-populated\">\n\t\t\t\t\t\t<div class=\"elementor-element elementor-element-023f363 elementor-widget elementor-widget-panthar-section-title-widget\" data-id=\"023f363\" data-element_type=\"widget\" data-widget_type=\"panthar-section-title-widget.default\">\n\t\t\t\t<div class=\"elementor-widget-container\">\n\t\t\t\t\t\r\n        <div class=\"theme-heading-title\" style=\"text-align:left\">\r\n                            <div class=\"subtitle shape\">\r\n                    <div class=\"icon-left wow fadeInRight animated yes\">\r\n                        <i aria-hidden=\"true\" class=\"icomoon bullet-left\"><\/i>                    <\/div>\r\n                    REGISTRATION FORM                    <div class=\"icon-right wow fadeInLeft animated\">\r\n                        <i aria-hidden=\"true\" class=\"icomoon icomoon-bullet\"><\/i>                    <\/div>\r\n                <\/div>\r\n                                        <h3 class=\"title\">\r\n                    ONLINE REGISTRATION                <\/h3>\r\n                                        <h6 class=\"smalltitle\">\r\n                    Fill out our form to pre-register for our training!                <\/h6>\r\n                        <p>Complete the pre-registration process, then we will contact you for the documents, documents and payment transactions that need to be delivered by hand. You can contact us for your questions and problems.<\/p>                    <\/div>\r\n        \t\t\t\t<\/div>\n\t\t\t\t<\/div>\n\t\t\t\t<section class=\"elementor-section elementor-inner-section elementor-element elementor-element-7c5cbdf elementor-section-content-middle elementor-section-boxed elementor-section-height-default elementor-section-height-default\" data-id=\"7c5cbdf\" data-element_type=\"section\">\n\t\t\t\t\t\t<div class=\"elementor-container elementor-column-gap-default\">\n\t\t\t\t\t<div class=\"elementor-column elementor-col-50 elementor-inner-column elementor-element elementor-element-05bfe9c\" data-id=\"05bfe9c\" data-element_type=\"column\">\n\t\t\t<div class=\"elementor-widget-wrap elementor-element-populated\">\n\t\t\t\t\t\t<div class=\"elementor-element elementor-element-0b6c5d7 elementor-widget elementor-widget-panthar-animate-image-widget\" data-id=\"0b6c5d7\" data-element_type=\"widget\" data-widget_type=\"panthar-animate-image-widget.default\">\n\t\t\t\t<div class=\"elementor-widget-container\">\n\t\t\t\t\t\r\n        <div class=\"animate-image-inner animate-image-inner-overlay\">\r\n            <div class=\"thumb\">\r\n                <span class=\"animate-1\"><\/span>\r\n                <span class=\"animate-2\"><\/span>\r\n                <span class=\"animate-3\"><\/span>\r\n                <span class=\"animate-4\"><\/span>\r\n                <img decoding=\"async\" src=\"https:\/\/idealozelguvenlik.com.tr\/wp-content\/uploads\/2023\/07\/ozel-guvenlik-kursu-online-kayit.jpg\" alt=\"thumb\" title=\"\">\r\n            <\/div>\r\n        <\/div>\r\n\r\n        \t\t\t\t<\/div>\n\t\t\t\t<\/div>\n\t\t\t\t\t<\/div>\n\t\t<\/div>\n\t\t\t\t<div class=\"elementor-column elementor-col-50 elementor-inner-column elementor-element elementor-element-c61a3cd\" data-id=\"c61a3cd\" data-element_type=\"column\">\n\t\t\t<div class=\"elementor-widget-wrap elementor-element-populated\">\n\t\t\t\t\t\t<div class=\"elementor-element elementor-element-90038c6 elementor-widget elementor-widget-shortcode\" data-id=\"90038c6\" data-element_type=\"widget\" data-widget_type=\"shortcode.default\">\n\t\t\t\t<div class=\"elementor-widget-container\">\n\t\t\t\t\t\t\t<div class=\"elementor-shortcode\">\n<div class=\"wpcf7 no-js\" id=\"wpcf7-f7464-o1\" lang=\"tr-TR\" dir=\"ltr\" data-wpcf7-id=\"7464\">\n<div class=\"screen-reader-response\"><p role=\"status\" aria-live=\"polite\" aria-atomic=\"true\"><\/p> <ul><\/ul><\/div>\n<form action=\"\/wp-json\/wp\/v2\/pages\/7465\" method=\"post\" class=\"wpcf7-form init\" aria-label=\"Contact Form\" enctype=\"multipart\/form-data\" novalidate=\"novalidate\" data-status=\"init\" data-trp-original-action=\"\/en\/wp-json\/wp\/v2\/pages\/7465#wpcf7-f7464-o1\">\n<fieldset class=\"hidden-fields-container\"><input type=\"hidden\" name=\"_wpcf7\" value=\"7464\" \/><input type=\"hidden\" name=\"_wpcf7_version\" value=\"6.1.5\" \/><input type=\"hidden\" name=\"_wpcf7_locale\" value=\"tr_TR\" \/><input type=\"hidden\" name=\"_wpcf7_unit_tag\" value=\"wpcf7-f7464-o1\" \/><input type=\"hidden\" name=\"_wpcf7_container_post\" value=\"0\" \/><input type=\"hidden\" name=\"_wpcf7_posted_data_hash\" value=\"\" \/>\n<\/fieldset>\n<div class=\"iletisim-form-div-dis\">\n  <div class=\"iletisim-form-div-ic\">\n    <label>Enter Your Personal Information<\/label>\n    <span class=\"wpcf7-form-control-wrap\" data-name=\"isim\"><input size=\"40\" maxlength=\"400\" class=\"wpcf7-form-control wpcf7-text wpcf7-validates-as-required\" autocomplete=\"name\" aria-required=\"true\" aria-invalid=\"false\" placeholder=\"Name surname\" value=\"\" type=\"text\" name=\"isim\" \/><\/span>\n  <\/div>\n  <div class=\"iletisim-form-div-ic\">\n    <span class=\"wpcf7-form-control-wrap\" data-name=\"eposta\"><input size=\"40\" maxlength=\"400\" class=\"wpcf7-form-control wpcf7-email wpcf7-validates-as-required wpcf7-text wpcf7-validates-as-email\" autocomplete=\"email\" aria-required=\"true\" aria-invalid=\"false\" placeholder=\"Email\" value=\"\" type=\"email\" name=\"eposta\" \/><\/span>\n  <\/div>\n  <div class=\"iletisim-form-div-ic\">\n    <span class=\"wpcf7-form-control-wrap\" data-name=\"telefon\"><input size=\"40\" maxlength=\"400\" class=\"wpcf7-form-control wpcf7-tel wpcf7-validates-as-required wpcf7-text wpcf7-validates-as-tel\" aria-required=\"true\" aria-invalid=\"false\" placeholder=\"Telephone\" value=\"\" type=\"tel\" name=\"telefon\" \/><\/span>\n  <\/div>\n  <div class=\"iletisim-form-div-ic\">\n    <label>Select the Education You Want to Receive<\/label>\n    <span class=\"wpcf7-form-control-wrap\" data-name=\"kursadi\"><select class=\"wpcf7-form-control wpcf7-select wpcf7-validates-as-required\" aria-required=\"true\" aria-invalid=\"false\" name=\"kursadi\"><option value=\"Silahl\u0131 \u00d6zel G\u00fcvenlik E\u011fitimi\">Armed Private Security Training<\/option><option value=\"Silahs\u0131z \u00d6zel G\u00fcvenlik E\u011fitimi\">Unarmed Private Security Training<\/option><option value=\"Silahl\u0131dan Silahs\u0131za Ge\u00e7i\u015f E\u011fitimi\">Transition Training from Armed to Unarmed<\/option><option value=\"Silahs\u0131z Yenileme E\u011fitimi\">Unarmed Refresher Training<\/option><option value=\"Silahl\u0131 Yenileme E\u011fitimi\">Armed Renewal Training<\/option><\/select><\/span> \n  <\/div>\n  <div class=\"iletisim-form-div-ic\">\n    <label>Upload ID Photocopy (Max: 7mb) <\/label>\n    <span class=\"wpcf7-form-control-wrap\" data-name=\"kimlik\"><input size=\"40\" class=\"wpcf7-form-control wpcf7-file wpcf7-validates-as-required\" accept=\".gif,.jpg,.jpeg,.png,.pdf\" aria-required=\"true\" aria-invalid=\"false\" type=\"file\" name=\"kimlik\" \/><\/span> \n  <\/div>\n  <div class=\"iletisim-form-div-ic\">\n    <label>Was there a message you would like to add?<\/label>\n    <span class=\"wpcf7-form-control-wrap\" data-name=\"mesaj\"><input size=\"40\" maxlength=\"400\" class=\"wpcf7-form-control wpcf7-text\" aria-invalid=\"false\" placeholder=\"Your message\" value=\"\" type=\"text\" name=\"mesaj\" \/><\/span>\n  <\/div>\n\n<div class=\"iletisim-form-div-ic form-buton\">\n    <span class=\"wpcf7-form-control-wrap\" data-name=\"hcap-cf7\">\t\t<input\n\t\t\t\ttype=\"hidden\"\n\t\t\t\tclass=\"hcaptcha-widget-id\"\n\t\t\t\tname=\"hcaptcha-widget-id\"\n\t\t\t\tvalue=\"eyJzb3VyY2UiOlsiY29udGFjdC1mb3JtLTdcL3dwLWNvbnRhY3QtZm9ybS03LnBocCJdLCJmb3JtX2lkIjo3NDY0fQ==-83a6fe2a55ab91b392ed39ca0ef3b9e6\">\n\t\t\t\t<span id=\"hcap_cf7-69dee172743c87.62883686\" class=\"wpcf7-form-control h-captcha\"\n\t\t\tdata-sitekey=\"2844963e-d3e5-4439-ae8e-c326baed8273\"\n\t\t\tdata-theme=\"light\"\n\t\t\tdata-size=\"normal\"\n\t\t\tdata-auto=\"false\"\n\t\t\tdata-ajax=\"false\"\n\t\t\tdata-force=\"false\">\n\t\t<\/span>\n\t\t<input type=\"hidden\" id=\"_wpnonce\" name=\"_wpnonce\" value=\"85617d388e\" \/><input type=\"hidden\" name=\"_wp_http_referer\" value=\"\/en\/wp-json\/wp\/v2\/pages\/7465\" \/><\/span><input class=\"wpcf7-form-control wpcf7-submit has-spinner\" type=\"submit\" value=\"COMPLETE\" \/>\n<\/div>\n<\/div><p style=\"display: none !important;\" class=\"akismet-fields-container\" data-prefix=\"_wpcf7_ak_\"><label>&#916;<textarea name=\"_wpcf7_ak_hp_textarea\" cols=\"45\" rows=\"8\" maxlength=\"100\"><\/textarea><\/label><input type=\"hidden\" id=\"ak_js_1\" name=\"_wpcf7_ak_js\" value=\"3\"\/><script>document.getElementById( \"ak_js_1\" ).setAttribute( \"value\", ( new Date() ).getTime() );<\/script><\/p><div class=\"wpcf7-response-output\" aria-hidden=\"true\"><\/div>\n<input type=\"hidden\" name=\"trp-form-language\" value=\"en\"\/><\/form>\n<\/div>\n<\/div>\n\t\t\t\t\t\t<\/div>\n\t\t\t\t<\/div>\n\t\t\t\t\t<\/div>\n\t\t<\/div>\n\t\t\t\t\t<\/div>\n\t\t<\/section>\n\t\t\t\t\t<\/div>\n\t\t<\/div>\n\t\t\t\t\t<\/div>\n\t\t<\/section>\n\t\t\t\t<\/div>","protected":false},"excerpt":{"rendered":"<p>REGISTRATION FORM ONLINE REGISTRATION Fill out our form to pre-register for our trainings! Complete the pre-registration process, then we will contact you for the documents, documents and payment transactions that need to be delivered by hand. You can contact us for your questions and problems.<\/p>","protected":false},"author":1,"featured_media":0,"parent":0,"menu_order":0,"comment_status":"closed","ping_status":"closed","template":"","meta":{"footnotes":""},"class_list":["post-7465","page","type-page","status-publish","hentry"],"_links":{"self":[{"href":"https:\/\/idealozelguvenlik.com.tr\/en\/wp-json\/wp\/v2\/pages\/7465","targetHints":{"allow":["GET"]}}],"collection":[{"href":"https:\/\/idealozelguvenlik.com.tr\/en\/wp-json\/wp\/v2\/pages"}],"about":[{"href":"https:\/\/idealozelguvenlik.com.tr\/en\/wp-json\/wp\/v2\/types\/page"}],"author":[{"embeddable":true,"href":"https:\/\/idealozelguvenlik.com.tr\/en\/wp-json\/wp\/v2\/users\/1"}],"replies":[{"embeddable":true,"href":"https:\/\/idealozelguvenlik.com.tr\/en\/wp-json\/wp\/v2\/comments?post=7465"}],"version-history":[{"count":3,"href":"https:\/\/idealozelguvenlik.com.tr\/en\/wp-json\/wp\/v2\/pages\/7465\/revisions"}],"predecessor-version":[{"id":8673,"href":"https:\/\/idealozelguvenlik.com.tr\/en\/wp-json\/wp\/v2\/pages\/7465\/revisions\/8673"}],"wp:attachment":[{"href":"https:\/\/idealozelguvenlik.com.tr\/en\/wp-json\/wp\/v2\/media?parent=7465"}],"curies":[{"name":"wp","href":"https:\/\/api.w.org\/{rel}","templated":true}]}}