{"id":4816,"date":"2022-02-24T04:31:41","date_gmt":"2022-02-24T04:31:41","guid":{"rendered":"https:\/\/themeim.com\/wp\/panthar\/team-copy-copy\/"},"modified":"2025-07-05T09:50:13","modified_gmt":"2025-07-05T06:50:13","slug":"iletisim","status":"publish","type":"page","link":"https:\/\/idealozelguvenlik.com.tr\/en\/communication\/","title":{"rendered":"Contact"},"content":{"rendered":"<div data-elementor-type=\"wp-page\" data-elementor-id=\"4816\" class=\"elementor elementor-4816\">\n\t\t\t\t\t\t<section class=\"elementor-section elementor-top-section elementor-element elementor-element-21f87e7 elementor-section-boxed elementor-section-height-default elementor-section-height-default\" data-id=\"21f87e7\" data-element_type=\"section\" data-settings=\"{&quot;background_background&quot;:&quot;classic&quot;}\">\n\t\t\t\t\t\t<div class=\"elementor-container elementor-column-gap-default\">\n\t\t\t\t\t<div class=\"elementor-column elementor-col-100 elementor-top-column elementor-element elementor-element-10963ff\" data-id=\"10963ff\" data-element_type=\"column\">\n\t\t\t<div class=\"elementor-widget-wrap elementor-element-populated\">\n\t\t\t\t\t\t<div class=\"elementor-element elementor-element-3da88a2 top-image-bounce elementor-widget__width-auto elementor-absolute elementor-view-default elementor-widget elementor-widget-icon\" data-id=\"3da88a2\" data-element_type=\"widget\" data-settings=\"{&quot;_position&quot;:&quot;absolute&quot;}\" data-widget_type=\"icon.default\">\n\t\t\t\t<div class=\"elementor-widget-container\">\n\t\t\t\t\t\t\t<div class=\"elementor-icon-wrapper\">\n\t\t\t<div class=\"elementor-icon\">\n\t\t\t<svg xmlns=\"http:\/\/www.w3.org\/2000\/svg\" width=\"43.888\" height=\"43.888\" viewbox=\"0 0 43.888 43.888\"><g data-name=\"Group 4112\" transform=\"translate(12737.236 -182.425)\" opacity=\"0.6\"><circle data-name=\"Ellipse 242\" cx=\"2.481\" cy=\"2.481\" r=\"2.481\" transform=\"translate(-12717.772 202.054)\" fill=\"#ba1111\"><\/circle><path data-name=\"Path 10606\" d=\"M3420.1,1564.089a7.7,7.7,0,1,1,7.7-7.7A7.705,7.705,0,0,1,3420.1,1564.089Zm0-15.108a7.412,7.412,0,1,0,7.412,7.411A7.42,7.42,0,0,0,3420.1,1548.981Z\" transform=\"translate(-16135.391 -1351.857)\" fill=\"#ba1111\"><\/path><path data-name=\"Path 10607\" d=\"M3433.511,1575.29A5.485,5.485,0,1,1,3439,1569.8,5.492,5.492,0,0,1,3433.511,1575.29Zm0-10.686a5.2,5.2,0,1,0,5.2,5.2A5.207,5.207,0,0,0,3433.511,1564.6Z\" transform=\"translate(-16148.803 -1365.269)\" fill=\"#ba1111\"><\/path><g data-name=\"Group 4049\" transform=\"translate(-12728.114 191.994)\"><g data-name=\"Group 4047\"><rect data-name=\"Rectangle 719\" width=\"0.285\" height=\"4.198\" transform=\"translate(4.167)\" fill=\"#484848\"><\/rect><rect data-name=\"Rectangle 720\" width=\"4.31\" height=\"0.285\" transform=\"translate(0 4.055)\" fill=\"#484848\"><\/rect><rect data-name=\"Rectangle 721\" width=\"4.31\" height=\"0.285\" transform=\"translate(21.283 4.055)\" fill=\"#484848\"><\/rect><rect data-name=\"Rectangle 722\" width=\"0.285\" height=\"4.198\" transform=\"translate(21.141)\" fill=\"#484848\"><\/rect><\/g><g data-name=\"Group 4048\" transform=\"translate(0 20.841)\"><rect data-name=\"Rectangle 723\" width=\"0.285\" height=\"4.198\" transform=\"translate(21.141 0.142)\" fill=\"#484848\"><\/rect><rect data-name=\"Rectangle 724\" width=\"4.31\" height=\"0.285\" transform=\"translate(21.283)\" fill=\"#484848\"><\/rect><rect data-name=\"Rectangle 725\" width=\"4.31\" height=\"0.285\" fill=\"#484848\"><\/rect><rect data-name=\"Rectangle 726\" width=\"0.285\" height=\"4.197\" transform=\"translate(4.167 0.142)\" fill=\"#484848\"><\/rect><\/g><\/g><g data-name=\"Group 4050\" transform=\"translate(-12737.236 203.764)\"><path data-name=\"Path 10608\" d=\"M3548.683,1598.838h-10.752a.605.605,0,0,1,0-1.211h10.752a.605.605,0,0,1,0,1.211Z\" transform=\"translate(-3505.4 -1597.627)\" fill=\"#484848\"><\/path><path data-name=\"Path 10609\" d=\"M3323.189,1598.838h-10.867a.605.605,0,0,1,0-1.211h10.867a.605.605,0,1,1,0,1.211Z\" transform=\"translate(-3311.717 -1597.627)\" fill=\"#484848\"><\/path><\/g><g data-name=\"Group 4051\" transform=\"translate(-12715.897 182.425)\"><path data-name=\"Path 10610\" d=\"M3463.116,1684.4a.605.605,0,0,1-.6-.605v-10.752a.6.6,0,1,1,1.21,0V1683.8A.605.605,0,0,1,3463.116,1684.4Z\" transform=\"translate(-3462.511 -1640.515)\" fill=\"#484848\"><\/path><path data-name=\"Path 10611\" d=\"M3463.116,1458.911a.605.605,0,0,1-.6-.606v-10.867a.6.6,0,1,1,1.21,0v10.867A.605.605,0,0,1,3463.116,1458.911Z\" transform=\"translate(-3462.511 -1446.833)\" fill=\"#484848\"><\/path><\/g><\/g><\/svg>\t\t\t<\/div>\n\t\t<\/div>\n\t\t\t\t\t\t<\/div>\n\t\t\t\t<\/div>\n\t\t\t\t<div class=\"elementor-element elementor-element-73be836 elementor-widget elementor-widget-heading\" data-id=\"73be836\" data-element_type=\"widget\" data-widget_type=\"heading.default\">\n\t\t\t\t<div class=\"elementor-widget-container\">\n\t\t\t\t\t<h1 class=\"elementor-heading-title elementor-size-default\">CONTACT INFORMATION<\/h1>\t\t\t\t<\/div>\n\t\t\t\t<\/div>\n\t\t\t\t<section class=\"elementor-section elementor-inner-section elementor-element elementor-element-c60b7e9 elementor-section-boxed elementor-section-height-default elementor-section-height-default\" data-id=\"c60b7e9\" data-element_type=\"section\">\n\t\t\t\t\t\t<div class=\"elementor-container elementor-column-gap-default\">\n\t\t\t\t\t<div class=\"elementor-column elementor-col-33 elementor-inner-column elementor-element elementor-element-f024ad9\" data-id=\"f024ad9\" data-element_type=\"column\">\n\t\t\t<div class=\"elementor-widget-wrap elementor-element-populated\">\n\t\t\t\t\t\t<div class=\"elementor-element elementor-element-5b0a94d elementor-widget elementor-widget-panthar-icon-box-widget\" data-id=\"5b0a94d\" data-element_type=\"widget\" data-widget_type=\"panthar-icon-box-widget.default\">\n\t\t\t\t<div class=\"elementor-widget-container\">\n\t\t\t\t\t            <div class=\"intro-icon-box-3 icon-box-item top\"\n                 style=\"text-align:left\">\n                <div class=\"icon-wrap\">\n                                            <div class=\"icon\">\n                            <i aria-hidden=\"true\" class=\"icomoon icomoon-phone\"><\/i>                        <\/div>\n                                    <\/div>\n                <div class=\"content\">\n                    <a class=\"icon-box-anchor\" ><h3 class=\"title\">TELEPHONE<\/h3><\/a><p>You can contact us by phone number.<\/p><h2 class=\"count-value\">0212 212 9000 <i class=\"icomoon-top-right-arrow\"><\/i><\/h2>                <\/div>\n            <\/div>\n        \t\t\t\t<\/div>\n\t\t\t\t<\/div>\n\t\t\t\t\t<\/div>\n\t\t<\/div>\n\t\t\t\t<div class=\"elementor-column elementor-col-33 elementor-inner-column elementor-element elementor-element-ceb505b\" data-id=\"ceb505b\" data-element_type=\"column\">\n\t\t\t<div class=\"elementor-widget-wrap elementor-element-populated\">\n\t\t\t\t\t\t<div class=\"elementor-element elementor-element-c02ab72 elementor-widget elementor-widget-panthar-icon-box-widget\" data-id=\"c02ab72\" data-element_type=\"widget\" data-widget_type=\"panthar-icon-box-widget.default\">\n\t\t\t\t<div class=\"elementor-widget-container\">\n\t\t\t\t\t            <div class=\"intro-icon-box-3 icon-box-item top\"\n                 style=\"text-align:left\">\n                <div class=\"icon-wrap\">\n                                            <div class=\"icon\">\n                            <i aria-hidden=\"true\" class=\"icomoon icomoon-mail-2\"><\/i>                        <\/div>\n                                    <\/div>\n                <div class=\"content\">\n                    <a class=\"icon-box-anchor\" ><h3 class=\"title\">EMAIL<\/h3><\/a><p>You can contact us via e-mail.<\/p><h2 class=\"count-value\">info@idealozelguvenlik.com.tr <i class=\"icomoon-top-right-arrow\"><\/i><\/h2>                <\/div>\n            <\/div>\n        \t\t\t\t<\/div>\n\t\t\t\t<\/div>\n\t\t\t\t\t<\/div>\n\t\t<\/div>\n\t\t\t\t<div class=\"elementor-column elementor-col-33 elementor-inner-column elementor-element elementor-element-276769f\" data-id=\"276769f\" data-element_type=\"column\">\n\t\t\t<div class=\"elementor-widget-wrap elementor-element-populated\">\n\t\t\t\t\t\t<div class=\"elementor-element elementor-element-2b7c912 elementor-widget elementor-widget-panthar-icon-box-widget\" data-id=\"2b7c912\" data-element_type=\"widget\" data-widget_type=\"panthar-icon-box-widget.default\">\n\t\t\t\t<div class=\"elementor-widget-container\">\n\t\t\t\t\t            <div class=\"intro-icon-box-3 icon-box-item top\"\n                 style=\"text-align:left\">\n                <div class=\"icon-wrap\">\n                                            <div class=\"icon\">\n                            <i aria-hidden=\"true\" class=\"fas fa-map-marker-alt\"><\/i>                        <\/div>\n                                    <\/div>\n                <div class=\"content\">\n                    <a class=\"icon-box-anchor\" ><h3 class=\"title\">ADDRESS<\/h3><\/a><h2 class=\"count-value\">Mecidiyek\u00f6y Mah. B\u00fcy\u00fckdere Cad. H\u00fcrmet Ke\u00e7eli Business Center. No:53 D:5 K:2 \u015ei\u015fli - Istanbul <i class=\"icomoon-top-right-arrow\"><\/i><\/h2>                <\/div>\n            <\/div>\n        \t\t\t\t<\/div>\n\t\t\t\t<\/div>\n\t\t\t\t\t<\/div>\n\t\t<\/div>\n\t\t\t\t\t<\/div>\n\t\t<\/section>\n\t\t\t\t\t<\/div>\n\t\t<\/div>\n\t\t\t\t\t<\/div>\n\t\t<\/section>\n\t\t\t\t<section class=\"elementor-section elementor-top-section elementor-element elementor-element-3d6a0bb elementor-section-boxed elementor-section-height-default elementor-section-height-default\" data-id=\"3d6a0bb\" data-element_type=\"section\">\n\t\t\t\t\t\t\t<div class=\"elementor-background-overlay\"><\/div>\n\t\t\t\t\t\t\t<div class=\"elementor-container elementor-column-gap-default\">\n\t\t\t\t\t<div class=\"elementor-column elementor-col-100 elementor-top-column elementor-element elementor-element-5605e6f\" data-id=\"5605e6f\" data-element_type=\"column\">\n\t\t\t<div class=\"elementor-widget-wrap elementor-element-populated\">\n\t\t\t\t\t\t<section class=\"elementor-section elementor-inner-section elementor-element elementor-element-ae43ec1 elementor-section-boxed elementor-section-height-default elementor-section-height-default\" data-id=\"ae43ec1\" data-element_type=\"section\">\n\t\t\t\t\t\t<div class=\"elementor-container elementor-column-gap-default\">\n\t\t\t\t\t<div class=\"elementor-column elementor-col-100 elementor-inner-column elementor-element elementor-element-179f64b\" data-id=\"179f64b\" data-element_type=\"column\">\n\t\t\t<div class=\"elementor-widget-wrap elementor-element-populated\">\n\t\t\t\t\t\t<div class=\"elementor-element elementor-element-5fe8a88 elementor-widget elementor-widget-heading\" data-id=\"5fe8a88\" data-element_type=\"widget\" data-widget_type=\"heading.default\">\n\t\t\t\t<div class=\"elementor-widget-container\">\n\t\t\t\t\t<h2 class=\"elementor-heading-title elementor-size-default\">CONTACT FORM<\/h2>\t\t\t\t<\/div>\n\t\t\t\t<\/div>\n\t\t\t\t\t<\/div>\n\t\t<\/div>\n\t\t\t\t\t<\/div>\n\t\t<\/section>\n\t\t\t\t<section class=\"elementor-section elementor-inner-section elementor-element elementor-element-e550baa elementor-section-boxed elementor-section-height-default elementor-section-height-default\" data-id=\"e550baa\" data-element_type=\"section\">\n\t\t\t\t\t\t<div class=\"elementor-container elementor-column-gap-default\">\n\t\t\t\t\t<div class=\"elementor-column elementor-col-50 elementor-inner-column elementor-element elementor-element-140b686\" data-id=\"140b686\" data-element_type=\"column\">\n\t\t\t<div class=\"elementor-widget-wrap elementor-element-populated\">\n\t\t\t\t\t\t<div class=\"elementor-element elementor-element-a8c48d7 elementor-widget elementor-widget-google_maps\" data-id=\"a8c48d7\" data-element_type=\"widget\" data-widget_type=\"google_maps.default\">\n\t\t\t\t<div class=\"elementor-widget-container\">\n\t\t\t\t\t\t\t<div class=\"elementor-custom-embed\">\n\t\t\t<iframe loading=\"lazy\"\n\t\t\t\t\tsrc=\"https:\/\/maps.google.com\/maps?q=Mecidiyek%C3%B6y%20Mah.%20B%C3%BCy%C3%BCkdere%20Cad.%20H%C3%BCrmet%20Ke%C3%A7eli%20%C4%B0%C5%9F%20Merkezi%20No%3A53%20D%3A%205%20Kat%3A2%2C%2034387%20%C5%9Ei%C5%9Fli%2F%C4%B0stanbul&#038;t=m&#038;z=16&#038;output=embed&#038;iwloc=near\"\n\t\t\t\t\ttitle=\"Mecidiyek\u00f6y Mah. B\u00fcy\u00fckdere Cad. H\u00fcrmet Ke\u00e7eli \u0130\u015f Merkezi No:53 D: 5 Floor:2, 34387 \u015ei\u015fli\/\u0130stanbul\"\n\t\t\t\t\taria-label=\"Mecidiyek\u00f6y Mah. B\u00fcy\u00fckdere Cad. H\u00fcrmet Ke\u00e7eli \u0130\u015f Merkezi No:53 D: 5 Floor:2, 34387 \u015ei\u015fli\/\u0130stanbul\"\n\t\t\t><\/iframe>\n\t\t<\/div>\n\t\t\t\t\t\t<\/div>\n\t\t\t\t<\/div>\n\t\t\t\t\t<\/div>\n\t\t<\/div>\n\t\t\t\t<div class=\"elementor-column elementor-col-50 elementor-inner-column elementor-element elementor-element-fd9b501\" data-id=\"fd9b501\" data-element_type=\"column\" id=\"form\">\n\t\t\t<div class=\"elementor-widget-wrap elementor-element-populated\">\n\t\t\t\t\t\t<div class=\"elementor-element elementor-element-91460cb elementor-widget elementor-widget-shortcode\" data-id=\"91460cb\" data-element_type=\"widget\" data-widget_type=\"shortcode.default\">\n\t\t\t\t<div class=\"elementor-widget-container\">\n\t\t\t\t\t\t\t<div class=\"elementor-shortcode\">\n<div class=\"wpcf7 no-js\" id=\"wpcf7-f7282-o1\" lang=\"tr-TR\" dir=\"ltr\" data-wpcf7-id=\"7282\">\n<div class=\"screen-reader-response\"><p role=\"status\" aria-live=\"polite\" aria-atomic=\"true\"><\/p> <ul><\/ul><\/div>\n<form action=\"\/wp-json\/wp\/v2\/pages\/4816\" method=\"post\" class=\"wpcf7-form init\" aria-label=\"Contact Form\" novalidate=\"novalidate\" data-status=\"init\" data-trp-original-action=\"\/en\/wp-json\/wp\/v2\/pages\/4816#wpcf7-f7282-o1\">\n<fieldset class=\"hidden-fields-container\"><input type=\"hidden\" name=\"_wpcf7\" value=\"7282\" \/><input type=\"hidden\" name=\"_wpcf7_version\" value=\"6.1.5\" \/><input type=\"hidden\" name=\"_wpcf7_locale\" value=\"tr_TR\" \/><input type=\"hidden\" name=\"_wpcf7_unit_tag\" value=\"wpcf7-f7282-o1\" \/><input type=\"hidden\" name=\"_wpcf7_container_post\" value=\"0\" \/><input type=\"hidden\" name=\"_wpcf7_posted_data_hash\" value=\"\" \/>\n<\/fieldset>\n<div class=\"iletisim-form-div-dis\">\n  <div class=\"iletisim-form-div-ic\">\n    <span class=\"wpcf7-form-control-wrap\" data-name=\"isim\"><input size=\"40\" maxlength=\"400\" class=\"wpcf7-form-control wpcf7-text wpcf7-validates-as-required\" autocomplete=\"name\" aria-required=\"true\" aria-invalid=\"false\" placeholder=\"Name surname\" value=\"\" type=\"text\" name=\"isim\" \/><\/span>\n  <\/div>\n  <div class=\"iletisim-form-div-ic\">\n    <span class=\"wpcf7-form-control-wrap\" data-name=\"eposta\"><input size=\"40\" maxlength=\"400\" class=\"wpcf7-form-control wpcf7-email wpcf7-text wpcf7-validates-as-email\" autocomplete=\"email\" aria-invalid=\"false\" placeholder=\"Email\" value=\"\" type=\"email\" name=\"eposta\" \/><\/span>\n  <\/div>\n  <div class=\"iletisim-form-div-ic\">\n    <span class=\"wpcf7-form-control-wrap\" data-name=\"telefon\"><input size=\"40\" maxlength=\"400\" class=\"wpcf7-form-control wpcf7-tel wpcf7-validates-as-required wpcf7-text wpcf7-validates-as-tel\" aria-required=\"true\" aria-invalid=\"false\" placeholder=\"Telephone\" value=\"\" type=\"tel\" name=\"telefon\" \/><\/span>\n  <\/div>\n  <div class=\"iletisim-form-div-ic\">\n    <span class=\"wpcf7-form-control-wrap\" data-name=\"konu\"><input size=\"40\" maxlength=\"400\" class=\"wpcf7-form-control wpcf7-text wpcf7-validates-as-required\" aria-required=\"true\" aria-invalid=\"false\" placeholder=\"Subject\" value=\"\" type=\"text\" name=\"konu\" \/><\/span>\n  <\/div>\n  <div class=\"iletisim-form-div-ic\">\n    <span class=\"wpcf7-form-control-wrap\" data-name=\"mesaj\"><textarea cols=\"40\" rows=\"10\" maxlength=\"2000\" class=\"wpcf7-form-control wpcf7-textarea wpcf7-validates-as-required\" aria-required=\"true\" aria-invalid=\"false\" placeholder=\"Your message\" name=\"mesaj\"><\/textarea><\/span>\n  <\/div>\n\n  <div class=\"iletisim-form-div-ic form-buton\">\n\n    <span class=\"wpcf7-form-control-wrap\" data-name=\"hcap-cf7\">\t\t<input\n\t\t\t\ttype=\"hidden\"\n\t\t\t\tclass=\"hcaptcha-widget-id\"\n\t\t\t\tname=\"hcaptcha-widget-id\"\n\t\t\t\tvalue=\"eyJzb3VyY2UiOlsiY29udGFjdC1mb3JtLTdcL3dwLWNvbnRhY3QtZm9ybS03LnBocCJdLCJmb3JtX2lkIjo3OTg2NTQ0fQ==-c66ed9660cdb3008f4d143ffd9cb970c\">\n\t\t\t\t<span id=\"hcap_cf7-69dedf6f16cfd0.75752897\" class=\"wpcf7-form-control h-captcha\"\n\t\t\tdata-sitekey=\"2844963e-d3e5-4439-ae8e-c326baed8273\"\n\t\t\tdata-theme=\"light\"\n\t\t\tdata-size=\"normal\"\n\t\t\tdata-auto=\"false\"\n\t\t\tdata-ajax=\"false\"\n\t\t\tdata-force=\"false\">\n\t\t<\/span>\n\t\t<input type=\"hidden\" id=\"_wpnonce\" name=\"_wpnonce\" value=\"85617d388e\" \/><input type=\"hidden\" name=\"_wp_http_referer\" value=\"\/en\/wp-json\/wp\/v2\/pages\/4816\" \/><\/span><input class=\"wpcf7-form-control wpcf7-submit has-spinner\" type=\"submit\" value=\"SEND\" \/>\n  <\/div>\n<\/div><p style=\"display: none !important;\" class=\"akismet-fields-container\" data-prefix=\"_wpcf7_ak_\"><label>&#916;<textarea name=\"_wpcf7_ak_hp_textarea\" cols=\"45\" rows=\"8\" maxlength=\"100\"><\/textarea><\/label><input type=\"hidden\" id=\"ak_js_1\" name=\"_wpcf7_ak_js\" value=\"240\"\/><script>document.getElementById( \"ak_js_1\" ).setAttribute( \"value\", ( new Date() ).getTime() );<\/script><\/p><div class=\"wpcf7-response-output\" aria-hidden=\"true\"><\/div>\n<input type=\"hidden\" name=\"trp-form-language\" value=\"en\"\/><\/form>\n<\/div>\n<\/div>\n\t\t\t\t\t\t<\/div>\n\t\t\t\t<\/div>\n\t\t\t\t<div class=\"elementor-element elementor-element-679102d top-image-bounce elementor-widget__width-auto elementor-absolute elementor-view-default elementor-widget elementor-widget-icon\" data-id=\"679102d\" data-element_type=\"widget\" data-settings=\"{&quot;_position&quot;:&quot;absolute&quot;}\" data-widget_type=\"icon.default\">\n\t\t\t\t<div class=\"elementor-widget-container\">\n\t\t\t\t\t\t\t<div class=\"elementor-icon-wrapper\">\n\t\t\t<div class=\"elementor-icon\">\n\t\t\t<svg xmlns=\"http:\/\/www.w3.org\/2000\/svg\" width=\"43.888\" height=\"43.888\" viewbox=\"0 0 43.888 43.888\"><g data-name=\"Group 4112\" transform=\"translate(12737.236 -182.425)\" opacity=\"0.6\"><circle data-name=\"Ellipse 242\" cx=\"2.481\" cy=\"2.481\" r=\"2.481\" transform=\"translate(-12717.772 202.054)\" fill=\"#ba1111\"><\/circle><path data-name=\"Path 10606\" d=\"M3420.1,1564.089a7.7,7.7,0,1,1,7.7-7.7A7.705,7.705,0,0,1,3420.1,1564.089Zm0-15.108a7.412,7.412,0,1,0,7.412,7.411A7.42,7.42,0,0,0,3420.1,1548.981Z\" transform=\"translate(-16135.391 -1351.857)\" fill=\"#ba1111\"><\/path><path data-name=\"Path 10607\" d=\"M3433.511,1575.29A5.485,5.485,0,1,1,3439,1569.8,5.492,5.492,0,0,1,3433.511,1575.29Zm0-10.686a5.2,5.2,0,1,0,5.2,5.2A5.207,5.207,0,0,0,3433.511,1564.6Z\" transform=\"translate(-16148.803 -1365.269)\" fill=\"#ba1111\"><\/path><g data-name=\"Group 4049\" transform=\"translate(-12728.114 191.994)\"><g data-name=\"Group 4047\"><rect data-name=\"Rectangle 719\" width=\"0.285\" height=\"4.198\" transform=\"translate(4.167)\" fill=\"#484848\"><\/rect><rect data-name=\"Rectangle 720\" width=\"4.31\" height=\"0.285\" transform=\"translate(0 4.055)\" fill=\"#484848\"><\/rect><rect data-name=\"Rectangle 721\" width=\"4.31\" height=\"0.285\" transform=\"translate(21.283 4.055)\" fill=\"#484848\"><\/rect><rect data-name=\"Rectangle 722\" width=\"0.285\" height=\"4.198\" transform=\"translate(21.141)\" fill=\"#484848\"><\/rect><\/g><g data-name=\"Group 4048\" transform=\"translate(0 20.841)\"><rect data-name=\"Rectangle 723\" width=\"0.285\" height=\"4.198\" transform=\"translate(21.141 0.142)\" fill=\"#484848\"><\/rect><rect data-name=\"Rectangle 724\" width=\"4.31\" height=\"0.285\" transform=\"translate(21.283)\" fill=\"#484848\"><\/rect><rect data-name=\"Rectangle 725\" width=\"4.31\" height=\"0.285\" fill=\"#484848\"><\/rect><rect data-name=\"Rectangle 726\" width=\"0.285\" height=\"4.197\" transform=\"translate(4.167 0.142)\" fill=\"#484848\"><\/rect><\/g><\/g><g data-name=\"Group 4050\" transform=\"translate(-12737.236 203.764)\"><path data-name=\"Path 10608\" d=\"M3548.683,1598.838h-10.752a.605.605,0,0,1,0-1.211h10.752a.605.605,0,0,1,0,1.211Z\" transform=\"translate(-3505.4 -1597.627)\" fill=\"#484848\"><\/path><path data-name=\"Path 10609\" d=\"M3323.189,1598.838h-10.867a.605.605,0,0,1,0-1.211h10.867a.605.605,0,1,1,0,1.211Z\" transform=\"translate(-3311.717 -1597.627)\" fill=\"#484848\"><\/path><\/g><g data-name=\"Group 4051\" transform=\"translate(-12715.897 182.425)\"><path data-name=\"Path 10610\" d=\"M3463.116,1684.4a.605.605,0,0,1-.6-.605v-10.752a.6.6,0,1,1,1.21,0V1683.8A.605.605,0,0,1,3463.116,1684.4Z\" transform=\"translate(-3462.511 -1640.515)\" fill=\"#484848\"><\/path><path data-name=\"Path 10611\" d=\"M3463.116,1458.911a.605.605,0,0,1-.6-.606v-10.867a.6.6,0,1,1,1.21,0v10.867A.605.605,0,0,1,3463.116,1458.911Z\" transform=\"translate(-3462.511 -1446.833)\" fill=\"#484848\"><\/path><\/g><\/g><\/svg>\t\t\t<\/div>\n\t\t<\/div>\n\t\t\t\t\t\t<\/div>\n\t\t\t\t<\/div>\n\t\t\t\t\t<\/div>\n\t\t<\/div>\n\t\t\t\t\t<\/div>\n\t\t<\/section>\n\t\t\t\t\t<\/div>\n\t\t<\/div>\n\t\t\t\t\t<\/div>\n\t\t<\/section>\n\t\t\t\t<\/div>","protected":false},"excerpt":{"rendered":"<p>CONTACT INFORMATION PHONE You can contact us via phone number. 0212 212 9000 E-MAIL You can contact us via e-mail. info@idealozelguvenlik.com.tr ADDRESS Mecidiyek\u00f6y Mah. B\u00fcy\u00fckdere Cad. H\u00fcrmet Ke\u00e7eli Business Center. No:53 D:5 K:2 \u015ei\u015fli \u2013 \u0130stanbul CONTACT FORM<\/p>","protected":false},"author":1,"featured_media":0,"parent":0,"menu_order":0,"comment_status":"closed","ping_status":"closed","template":"","meta":{"footnotes":""},"class_list":["post-4816","page","type-page","status-publish","hentry"],"_links":{"self":[{"href":"https:\/\/idealozelguvenlik.com.tr\/en\/wp-json\/wp\/v2\/pages\/4816","targetHints":{"allow":["GET"]}}],"collection":[{"href":"https:\/\/idealozelguvenlik.com.tr\/en\/wp-json\/wp\/v2\/pages"}],"about":[{"href":"https:\/\/idealozelguvenlik.com.tr\/en\/wp-json\/wp\/v2\/types\/page"}],"author":[{"embeddable":true,"href":"https:\/\/idealozelguvenlik.com.tr\/en\/wp-json\/wp\/v2\/users\/1"}],"replies":[{"embeddable":true,"href":"https:\/\/idealozelguvenlik.com.tr\/en\/wp-json\/wp\/v2\/comments?post=4816"}],"version-history":[{"count":4,"href":"https:\/\/idealozelguvenlik.com.tr\/en\/wp-json\/wp\/v2\/pages\/4816\/revisions"}],"predecessor-version":[{"id":8658,"href":"https:\/\/idealozelguvenlik.com.tr\/en\/wp-json\/wp\/v2\/pages\/4816\/revisions\/8658"}],"wp:attachment":[{"href":"https:\/\/idealozelguvenlik.com.tr\/en\/wp-json\/wp\/v2\/media?parent=4816"}],"curies":[{"name":"wp","href":"https:\/\/api.w.org\/{rel}","templated":true}]}}